{"id":15,"date":"2025-10-24T06:13:22","date_gmt":"2025-10-24T06:13:22","guid":{"rendered":"https:\/\/topss25.okuserveri.com\/?page_id=15"},"modified":"2025-11-06T09:20:28","modified_gmt":"2025-11-06T09:20:28","slug":"tero-karttunen","status":"publish","type":"page","link":"https:\/\/topss25.okuserveri.com\/","title":{"rendered":"Traktoriurakointi T.Karttunen"},"content":{"rendered":"\t\t<div data-elementor-type=\"wp-page\" data-elementor-id=\"15\" class=\"elementor elementor-15\">\n\t\t\t\t<div class=\"elementor-element elementor-element-89eb342 e-con-full e-flex e-con e-parent\" data-id=\"89eb342\" data-element_type=\"container\" data-e-type=\"container\" data-settings=\"{&quot;background_background&quot;:&quot;classic&quot;}\">\n\t\t<div class=\"elementor-element elementor-element-49eff10 e-con-full e-flex e-con e-child\" data-id=\"49eff10\" data-element_type=\"container\" data-e-type=\"container\">\n\t\t\t\t<div class=\"elementor-element elementor-element-4b99a80 elementor-widget elementor-widget-heading\" data-id=\"4b99a80\" data-element_type=\"widget\" data-e-type=\"widget\" data-widget_type=\"heading.default\">\n\t\t\t\t\t<h2 class=\"elementor-heading-title elementor-size-default\">Traktoriurakointi T.Karttunen\n<\/h2>\t\t\t\t<\/div>\n\t\t\t\t<div class=\"elementor-element elementor-element-749a6a9 elementor-widget elementor-widget-heading\" data-id=\"749a6a9\" data-element_type=\"widget\" data-e-type=\"widget\" data-widget_type=\"heading.default\">\n\t\t\t\t\t<p class=\"elementor-heading-title elementor-size-default\">Periks ei anneta ennenku syd\u00e4nk\u00f6yr\u00e4 on suora!<br>Toimialamme on muu muualla luokittelematon maa- ja vesirakentaminen.<br><\/p>\t\t\t\t<\/div>\n\t\t\t\t<div class=\"elementor-element elementor-element-e0e4a29 elementor-align-center elementor-widget elementor-widget-button\" data-id=\"e0e4a29\" data-element_type=\"widget\" data-e-type=\"widget\" data-widget_type=\"button.default\">\n\t\t\t\t\t\t\t\t\t\t<a class=\"elementor-button elementor-button-link elementor-size-sm\" href=\"#yhteystiedot\">\n\t\t\t\t\t\t<span class=\"elementor-button-content-wrapper\">\n\t\t\t\t\t\t\t\t\t<span class=\"elementor-button-text\">OTA YHTEYTT\u00c4<\/span>\n\t\t\t\t\t<\/span>\n\t\t\t\t\t<\/a>\n\t\t\t\t\t\t\t\t<\/div>\n\t\t\t\t<\/div>\n\t\t\t\t<\/div>\n\t\t<div class=\"elementor-element elementor-element-0408c15 e-con-full e-flex e-con e-parent\" data-id=\"0408c15\" data-element_type=\"container\" data-e-type=\"container\" data-settings=\"{&quot;background_background&quot;:&quot;classic&quot;}\">\n\t\t\t\t<div class=\"elementor-element elementor-element-7b1116f elementor-widget elementor-widget-heading\" data-id=\"7b1116f\" data-element_type=\"widget\" data-e-type=\"widget\" data-widget_type=\"heading.default\">\n\t\t\t\t\t<h2 class=\"elementor-heading-title elementor-size-default\">Yritys<\/h2>\t\t\t\t<\/div>\n\t\t\t\t<div class=\"elementor-element elementor-element-d24ad43 elementor-widget__width-initial elementor-widget elementor-widget-heading\" data-id=\"d24ad43\" data-element_type=\"widget\" data-e-type=\"widget\" data-widget_type=\"heading.default\">\n\t\t\t\t\t<p class=\"elementor-heading-title elementor-size-default\">Tarjoamme paljon erillaisia kuljetus ja maatalous palveluita. Vimeaikoina olemme p\u00e4\u00e4osin tehnyt vuokraty\u00f6t\u00e4 Maatalouteen ja kuljetusyritt\u00e4jille. Meill\u00e4 on paljon palveluita tarjolla.<\/p>\t\t\t\t<\/div>\n\t\t\t\t<\/div>\n\t\t<div class=\"elementor-element elementor-element-5ef2dbe e-flex e-con-boxed e-con e-parent\" data-id=\"5ef2dbe\" data-element_type=\"container\" data-e-type=\"container\" data-settings=\"{&quot;background_background&quot;:&quot;classic&quot;}\">\n\t\t\t\t\t<div class=\"e-con-inner\">\n\t\t<div class=\"elementor-element elementor-element-c2c36dd e-con-full e-flex e-con e-child\" data-id=\"c2c36dd\" data-element_type=\"container\" data-e-type=\"container\">\n\t\t\t\t<div class=\"elementor-element elementor-element-bfba8a5 elementor-widget elementor-widget-image\" data-id=\"bfba8a5\" data-element_type=\"widget\" data-e-type=\"widget\" data-widget_type=\"image.default\">\n\t\t\t\t\t\t\t\t\t\t\t\t<figure class=\"wp-caption\">\n\t\t\t\t\t\t\t\t\t\t<img fetchpriority=\"high\" decoding=\"async\" width=\"1536\" height=\"864\" src=\"https:\/\/topss25.okuserveri.com\/wp-content\/uploads\/2025\/10\/traktori-1536x864.jpeg\" class=\"attachment-1536x1536 size-1536x1536 wp-image-41\" alt=\"\" srcset=\"https:\/\/topss25.okuserveri.com\/wp-content\/uploads\/2025\/10\/traktori-1536x864.jpeg 1536w, https:\/\/topss25.okuserveri.com\/wp-content\/uploads\/2025\/10\/traktori-300x169.jpeg 300w, https:\/\/topss25.okuserveri.com\/wp-content\/uploads\/2025\/10\/traktori-1024x576.jpeg 1024w, https:\/\/topss25.okuserveri.com\/wp-content\/uploads\/2025\/10\/traktori-768x432.jpeg 768w, https:\/\/topss25.okuserveri.com\/wp-content\/uploads\/2025\/10\/traktori.jpeg 1600w\" sizes=\"(max-width: 1536px) 100vw, 1536px\" \/>\t\t\t\t\t\t\t\t\t\t\t<figcaption class=\"widget-image-caption wp-caption-text\">Turvetuotantoa vuosina 2010-2020<\/figcaption>\n\t\t\t\t\t\t\t\t\t\t<\/figure>\n\t\t\t\t\t\t\t\t\t<\/div>\n\t\t\t\t<\/div>\n\t\t<div class=\"elementor-element elementor-element-73139a8 e-con-full e-flex e-con e-child\" data-id=\"73139a8\" data-element_type=\"container\" data-e-type=\"container\">\n\t\t<div class=\"elementor-element elementor-element-865fb7e e-con-full e-flex e-con e-child\" data-id=\"865fb7e\" data-element_type=\"container\" data-e-type=\"container\">\n\t\t\t\t<div class=\"elementor-element elementor-element-4f600cb elementor-widget elementor-widget-heading\" data-id=\"4f600cb\" data-element_type=\"widget\" data-e-type=\"widget\" data-widget_type=\"heading.default\">\n\t\t\t\t\t<h2 class=\"elementor-heading-title elementor-size-default\">Yrityksen historiaa<\/h2>\t\t\t\t<\/div>\n\t\t\t\t<\/div>\n\t\t<div class=\"elementor-element elementor-element-d2ea78f e-con-full e-flex e-con e-child\" data-id=\"d2ea78f\" data-element_type=\"container\" data-e-type=\"container\">\n\t\t\t\t<div class=\"elementor-element elementor-element-61ffa19 elementor-widget elementor-widget-heading\" data-id=\"61ffa19\" data-element_type=\"widget\" data-e-type=\"widget\" data-widget_type=\"heading.default\">\n\t\t\t\t\t<p class=\"elementor-heading-title elementor-size-default\">Olen tehnyt lumiurakointia vuodesta 1993 l\u00e4htien. Toiminimi on perustettu vuonna 2001. V\u00e4lill\u00e4 olen toiminut my\u00f6s osakeyhti\u00f6 pohjaisesti. Nyt t\u00f6iden v\u00e4hentymisen takia toimintaa on pienennetty ja toiminta on p\u00e4\u00e4osin vuokraty\u00f6t\u00e4 maatalous ja kuljetusyritt\u00e4jille.<br>Aikojen mittaan olen tehtyt lumiurakointia ja muuta infrahoitos,maatalous ja turveurakointia sek\u00e4, maansiirtot\u00f6it\u00e4 aliurakointina suuremmille toimijoille.<\/p>\t\t\t\t<\/div>\n\t\t\t\t<\/div>\n\t\t\t\t<\/div>\n\t\t\t\t\t<\/div>\n\t\t\t\t<\/div>\n\t\t<div class=\"elementor-element elementor-element-6a3090b e-con-full e-flex e-con e-parent\" data-id=\"6a3090b\" data-element_type=\"container\" data-e-type=\"container\">\n\t\t\t\t<div class=\"elementor-element elementor-element-6c94540 elementor-widget elementor-widget-heading\" data-id=\"6c94540\" data-element_type=\"widget\" data-e-type=\"widget\" data-widget_type=\"heading.default\">\n\t\t\t\t\t<h2 class=\"elementor-heading-title elementor-size-default\">Palvelut<\/h2>\t\t\t\t<\/div>\n\t\t<div class=\"elementor-element elementor-element-80f0f92 e-flex e-con-boxed e-con e-child\" data-id=\"80f0f92\" data-element_type=\"container\" data-e-type=\"container\">\n\t\t\t\t\t<div class=\"e-con-inner\">\n\t\t<div class=\"elementor-element elementor-element-6dc9c9a e-con-full e-flex e-con e-child\" data-id=\"6dc9c9a\" data-element_type=\"container\" data-e-type=\"container\">\n\t\t\t\t<div class=\"elementor-element elementor-element-a141f08 elementor-widget elementor-widget-heading\" data-id=\"a141f08\" data-element_type=\"widget\" data-e-type=\"widget\" data-widget_type=\"heading.default\">\n\t\t\t\t\t<h2 class=\"elementor-heading-title elementor-size-default\">Palvelut<\/h2>\t\t\t\t<\/div>\n\t\t\t\t<div class=\"elementor-element elementor-element-e116de7 elementor-widget elementor-widget-text-editor\" data-id=\"e116de7\" data-element_type=\"widget\" data-e-type=\"widget\" data-widget_type=\"text-editor.default\">\n\t\t\t\t\t\t\t\t\t<ul><li>Traktoriurakointi tilaajan ty\u00f6laitteilla<\/li><li>Maansiirtoty\u00f6t traktorilla ja 3-akselisella maansiirtok\u00e4rryll\u00e4<\/li><li>Teiden lanaukset ja sorastukset.<\/li><\/ul>\t\t\t\t\t\t\t\t<\/div>\n\t\t\t\t<\/div>\n\t\t<div class=\"elementor-element elementor-element-ee45124 e-con-full e-flex e-con e-child\" data-id=\"ee45124\" data-element_type=\"container\" data-e-type=\"container\">\n\t\t\t\t<div class=\"elementor-element elementor-element-646be51 elementor-widget elementor-widget-heading\" data-id=\"646be51\" data-element_type=\"widget\" data-e-type=\"widget\" data-widget_type=\"heading.default\">\n\t\t\t\t\t<h2 class=\"elementor-heading-title elementor-size-default\">Vuokraty\u00f6palvelut<\/h2>\t\t\t\t<\/div>\n\t\t\t\t<div class=\"elementor-element elementor-element-e49efda elementor-widget elementor-widget-text-editor\" data-id=\"e49efda\" data-element_type=\"widget\" data-e-type=\"widget\" data-widget_type=\"text-editor.default\">\n\t\t\t\t\t\t\t\t\t<ul><li>Maansiirto ja maatalouskoneiden ajo.<\/li><li>Kuljetus yrityksille<\/li><li>Kuljettajapalvelut,jos kuljettajalta l\u00f6ytyy BECE,ajo-oikeus,ammattip\u00e4tevyys,digikortti ja Adr-kappaletavara lupa<\/li><\/ul>\t\t\t\t\t\t\t\t<\/div>\n\t\t\t\t<\/div>\n\t\t\t\t\t<\/div>\n\t\t\t\t<\/div>\n\t\t\t\t<\/div>\n\t\t<div class=\"elementor-element elementor-element-a4f8fb1 e-flex e-con-boxed e-con e-parent\" data-id=\"a4f8fb1\" data-element_type=\"container\" data-e-type=\"container\" data-settings=\"{&quot;background_background&quot;:&quot;classic&quot;}\">\n\t\t\t\t\t<div class=\"e-con-inner\">\n\t\t\t\t<div class=\"elementor-element elementor-element-0c3739f elementor-widget elementor-widget-heading\" data-id=\"0c3739f\" data-element_type=\"widget\" data-e-type=\"widget\" id=\"yhteystiedot\" data-widget_type=\"heading.default\">\n\t\t\t\t\t<h2 class=\"elementor-heading-title elementor-size-default\">Yhteystiedot<\/h2>\t\t\t\t<\/div>\n\t\t\t\t<div class=\"elementor-element elementor-element-724cdbe elementor-widget elementor-widget-heading\" data-id=\"724cdbe\" data-element_type=\"widget\" data-e-type=\"widget\" data-widget_type=\"heading.default\">\n\t\t\t\t\t<p class=\"elementor-heading-title elementor-size-default\">K\u00e4ynti osoite: Kuopiontie 207, 83480 Ahonkyl\u00e4\n<\/p>\t\t\t\t<\/div>\n\t\t\t\t<div class=\"elementor-element elementor-element-efcfd5b elementor-widget elementor-widget-heading\" data-id=\"efcfd5b\" data-element_type=\"widget\" data-e-type=\"widget\" data-widget_type=\"heading.default\">\n\t\t\t\t\t<p class=\"elementor-heading-title elementor-size-default\">Puh nro: 0500170965\n<\/p>\t\t\t\t<\/div>\n\t\t\t\t<div class=\"elementor-element elementor-element-00a9194 elementor-widget elementor-widget-heading\" data-id=\"00a9194\" data-element_type=\"widget\" data-e-type=\"widget\" data-widget_type=\"heading.default\">\n\t\t\t\t\t<p class=\"elementor-heading-title elementor-size-default\">S\u00e4hk\u00f6posti: tero.karttunen78@gmail.com<\/p>\t\t\t\t<\/div>\n\t\t\t\t<div class=\"elementor-element elementor-element-4dc9087 elementor-widget elementor-widget-heading\" data-id=\"4dc9087\" data-element_type=\"widget\" data-e-type=\"widget\" data-widget_type=\"heading.default\">\n\t\t\t\t\t<p class=\"elementor-heading-title elementor-size-default\">Y-tunnus: 1705252-8<\/p>\t\t\t\t<\/div>\n\t\t\t\t\t<\/div>\n\t\t\t\t<\/div>\n\t\t\t\t<\/div>\n\t\t","protected":false},"excerpt":{"rendered":"<p>Traktoriurakointi T.Karttunen Periks ei anneta ennenku syd\u00e4nk\u00f6yr\u00e4 on suora!Toimialamme on muu muualla luokittelematon maa- ja vesirakentaminen. OTA YHTEYTT\u00c4 Yritys Tarjoamme [&hellip;]<\/p>\n","protected":false},"author":1,"featured_media":0,"parent":0,"menu_order":0,"comment_status":"closed","ping_status":"closed","template":"","meta":{"site-sidebar-layout":"no-sidebar","site-content-layout":"","ast-site-content-layout":"full-width-container","site-content-style":"default","site-sidebar-style":"default","ast-global-header-display":"","ast-banner-title-visibility":"","ast-main-header-display":"","ast-hfb-above-header-display":"","ast-hfb-below-header-display":"","ast-hfb-mobile-header-display":"","site-post-title":"disabled","ast-breadcrumbs-content":"","ast-featured-img":"disabled","footer-sml-layout":"","ast-disable-related-posts":"","theme-transparent-header-meta":"","adv-header-id-meta":"","stick-header-meta":"","header-above-stick-meta":"","header-main-stick-meta":"","header-below-stick-meta":"","astra-migrate-meta-layouts":"default","ast-page-background-enabled":"default","ast-page-background-meta":{"desktop":{"background-color":"var(--ast-global-color-5)","background-image":"","background-repeat":"repeat","background-position":"center center","background-size":"auto","background-attachment":"scroll","background-type":"","background-media":"","overlay-type":"","overlay-color":"","overlay-opacity":"","overlay-gradient":""},"tablet":{"background-color":"","background-image":"","background-repeat":"repeat","background-position":"center center","background-size":"auto","background-attachment":"scroll","background-type":"","background-media":"","overlay-type":"","overlay-color":"","overlay-opacity":"","overlay-gradient":""},"mobile":{"background-color":"","background-image":"","background-repeat":"repeat","background-position":"center center","background-size":"auto","background-attachment":"scroll","background-type":"","background-media":"","overlay-type":"","overlay-color":"","overlay-opacity":"","overlay-gradient":""}},"ast-content-background-meta":{"desktop":{"background-color":"var(--ast-global-color-4)","background-image":"","background-repeat":"repeat","background-position":"center center","background-size":"auto","background-attachment":"scroll","background-type":"","background-media":"","overlay-type":"","overlay-color":"","overlay-opacity":"","overlay-gradient":""},"tablet":{"background-color":"var(--ast-global-color-4)","background-image":"","background-repeat":"repeat","background-position":"center center","background-size":"auto","background-attachment":"scroll","background-type":"","background-media":"","overlay-type":"","overlay-color":"","overlay-opacity":"","overlay-gradient":""},"mobile":{"background-color":"var(--ast-global-color-4)","background-image":"","background-repeat":"repeat","background-position":"center center","background-size":"auto","background-attachment":"scroll","background-type":"","background-media":"","overlay-type":"","overlay-color":"","overlay-opacity":"","overlay-gradient":""}},"footnotes":""},"class_list":["post-15","page","type-page","status-publish","hentry"],"yoast_head":"<!-- This site is optimized with the Yoast SEO plugin v27.3 - https:\/\/yoast.com\/product\/yoast-seo-wordpress\/ -->\n<title>Traktoriurakointi T.Karttunen - Traktoriurakointi T.Karttunen<\/title>\n<meta name=\"description\" content=\"Vimeaikoina olemme p\u00e4\u00e4osin tehnyt vuokraty\u00f6t\u00e4 Maatalouteen ja kuljetusyritt\u00e4jille. Meill\u00e4 on paljon palveluita tarjolla.\" \/>\n<meta name=\"robots\" content=\"index, follow, max-snippet:-1, max-image-preview:large, max-video-preview:-1\" \/>\n<link rel=\"canonical\" href=\"https:\/\/topss25.okuserveri.com\/\" \/>\n<meta property=\"og:locale\" content=\"fi_FI\" \/>\n<meta property=\"og:type\" content=\"article\" \/>\n<meta property=\"og:title\" content=\"Traktoriurakointi T.Karttunen - Traktoriurakointi T.Karttunen\" \/>\n<meta property=\"og:description\" content=\"Vimeaikoina olemme p\u00e4\u00e4osin tehnyt vuokraty\u00f6t\u00e4 Maatalouteen ja kuljetusyritt\u00e4jille. Meill\u00e4 on paljon palveluita tarjolla.\" \/>\n<meta property=\"og:url\" content=\"https:\/\/topss25.okuserveri.com\/\" \/>\n<meta property=\"og:site_name\" content=\"Traktoriurakointi T.Karttunen\" \/>\n<meta property=\"article:modified_time\" content=\"2025-11-06T09:20:28+00:00\" \/>\n<meta property=\"og:image\" content=\"https:\/\/topss25.okuserveri.com\/wp-content\/uploads\/2025\/10\/traktori.jpeg\" \/>\n\t<meta property=\"og:image:width\" content=\"1600\" \/>\n\t<meta property=\"og:image:height\" content=\"900\" \/>\n\t<meta property=\"og:image:type\" content=\"image\/jpeg\" \/>\n<meta name=\"twitter:card\" content=\"summary_large_image\" \/>\n<meta name=\"twitter:label1\" content=\"Arvioitu lukuaika\" \/>\n\t<meta name=\"twitter:data1\" content=\"1 minuutti\" \/>\n<script type=\"application\/ld+json\" class=\"yoast-schema-graph\">{\"@context\":\"https:\\\/\\\/schema.org\",\"@graph\":[{\"@type\":\"WebPage\",\"@id\":\"https:\\\/\\\/topss25.okuserveri.com\\\/\",\"url\":\"https:\\\/\\\/topss25.okuserveri.com\\\/\",\"name\":\"Traktoriurakointi T.Karttunen - Traktoriurakointi T.Karttunen\",\"isPartOf\":{\"@id\":\"https:\\\/\\\/topss25.okuserveri.com\\\/#website\"},\"primaryImageOfPage\":{\"@id\":\"https:\\\/\\\/topss25.okuserveri.com\\\/#primaryimage\"},\"image\":{\"@id\":\"https:\\\/\\\/topss25.okuserveri.com\\\/#primaryimage\"},\"thumbnailUrl\":\"https:\\\/\\\/topss25.okuserveri.com\\\/wp-content\\\/uploads\\\/2025\\\/10\\\/traktori-1536x864.jpeg\",\"datePublished\":\"2025-10-24T06:13:22+00:00\",\"dateModified\":\"2025-11-06T09:20:28+00:00\",\"description\":\"Vimeaikoina olemme p\u00e4\u00e4osin tehnyt vuokraty\u00f6t\u00e4 Maatalouteen ja kuljetusyritt\u00e4jille. Meill\u00e4 on paljon palveluita tarjolla.\",\"breadcrumb\":{\"@id\":\"https:\\\/\\\/topss25.okuserveri.com\\\/#breadcrumb\"},\"inLanguage\":\"fi\",\"potentialAction\":[{\"@type\":\"ReadAction\",\"target\":[\"https:\\\/\\\/topss25.okuserveri.com\\\/\"]}]},{\"@type\":\"ImageObject\",\"inLanguage\":\"fi\",\"@id\":\"https:\\\/\\\/topss25.okuserveri.com\\\/#primaryimage\",\"url\":\"https:\\\/\\\/topss25.okuserveri.com\\\/wp-content\\\/uploads\\\/2025\\\/10\\\/traktori.jpeg\",\"contentUrl\":\"https:\\\/\\\/topss25.okuserveri.com\\\/wp-content\\\/uploads\\\/2025\\\/10\\\/traktori.jpeg\",\"width\":1600,\"height\":900,\"caption\":\"Turvetuotantoa vuosina 2010-2020\"},{\"@type\":\"BreadcrumbList\",\"@id\":\"https:\\\/\\\/topss25.okuserveri.com\\\/#breadcrumb\",\"itemListElement\":[{\"@type\":\"ListItem\",\"position\":1,\"name\":\"Home\",\"item\":\"https:\\\/\\\/topss25.okuserveri.com\\\/\"},{\"@type\":\"ListItem\",\"position\":2,\"name\":\"Traktoriurakointi T.Karttunen\"}]},{\"@type\":\"WebSite\",\"@id\":\"https:\\\/\\\/topss25.okuserveri.com\\\/#website\",\"url\":\"https:\\\/\\\/topss25.okuserveri.com\\\/\",\"name\":\"Traktoriurakointi T.Karttunen\",\"description\":\"\",\"publisher\":{\"@id\":\"https:\\\/\\\/topss25.okuserveri.com\\\/#organization\"},\"potentialAction\":[{\"@type\":\"SearchAction\",\"target\":{\"@type\":\"EntryPoint\",\"urlTemplate\":\"https:\\\/\\\/topss25.okuserveri.com\\\/?s={search_term_string}\"},\"query-input\":{\"@type\":\"PropertyValueSpecification\",\"valueRequired\":true,\"valueName\":\"search_term_string\"}}],\"inLanguage\":\"fi\"},{\"@type\":\"Organization\",\"@id\":\"https:\\\/\\\/topss25.okuserveri.com\\\/#organization\",\"name\":\"Traktoriurakointi T.Karttunen\",\"url\":\"https:\\\/\\\/topss25.okuserveri.com\\\/\",\"logo\":{\"@type\":\"ImageObject\",\"inLanguage\":\"fi\",\"@id\":\"https:\\\/\\\/topss25.okuserveri.com\\\/#\\\/schema\\\/logo\\\/image\\\/\",\"url\":\"https:\\\/\\\/topss25.okuserveri.com\\\/wp-content\\\/uploads\\\/2025\\\/10\\\/logoterosimple.png\",\"contentUrl\":\"https:\\\/\\\/topss25.okuserveri.com\\\/wp-content\\\/uploads\\\/2025\\\/10\\\/logoterosimple.png\",\"width\":338,\"height\":226,\"caption\":\"Traktoriurakointi T.Karttunen\"},\"image\":{\"@id\":\"https:\\\/\\\/topss25.okuserveri.com\\\/#\\\/schema\\\/logo\\\/image\\\/\"}}]}<\/script>\n<!-- \/ Yoast SEO plugin. -->","yoast_head_json":{"title":"Traktoriurakointi T.Karttunen - Traktoriurakointi T.Karttunen","description":"Vimeaikoina olemme p\u00e4\u00e4osin tehnyt vuokraty\u00f6t\u00e4 Maatalouteen ja kuljetusyritt\u00e4jille. Meill\u00e4 on paljon palveluita tarjolla.","robots":{"index":"index","follow":"follow","max-snippet":"max-snippet:-1","max-image-preview":"max-image-preview:large","max-video-preview":"max-video-preview:-1"},"canonical":"https:\/\/topss25.okuserveri.com\/","og_locale":"fi_FI","og_type":"article","og_title":"Traktoriurakointi T.Karttunen - Traktoriurakointi T.Karttunen","og_description":"Vimeaikoina olemme p\u00e4\u00e4osin tehnyt vuokraty\u00f6t\u00e4 Maatalouteen ja kuljetusyritt\u00e4jille. Meill\u00e4 on paljon palveluita tarjolla.","og_url":"https:\/\/topss25.okuserveri.com\/","og_site_name":"Traktoriurakointi T.Karttunen","article_modified_time":"2025-11-06T09:20:28+00:00","og_image":[{"width":1600,"height":900,"url":"https:\/\/topss25.okuserveri.com\/wp-content\/uploads\/2025\/10\/traktori.jpeg","type":"image\/jpeg"}],"twitter_card":"summary_large_image","twitter_misc":{"Arvioitu lukuaika":"1 minuutti"},"schema":{"@context":"https:\/\/schema.org","@graph":[{"@type":"WebPage","@id":"https:\/\/topss25.okuserveri.com\/","url":"https:\/\/topss25.okuserveri.com\/","name":"Traktoriurakointi T.Karttunen - Traktoriurakointi T.Karttunen","isPartOf":{"@id":"https:\/\/topss25.okuserveri.com\/#website"},"primaryImageOfPage":{"@id":"https:\/\/topss25.okuserveri.com\/#primaryimage"},"image":{"@id":"https:\/\/topss25.okuserveri.com\/#primaryimage"},"thumbnailUrl":"https:\/\/topss25.okuserveri.com\/wp-content\/uploads\/2025\/10\/traktori-1536x864.jpeg","datePublished":"2025-10-24T06:13:22+00:00","dateModified":"2025-11-06T09:20:28+00:00","description":"Vimeaikoina olemme p\u00e4\u00e4osin tehnyt vuokraty\u00f6t\u00e4 Maatalouteen ja kuljetusyritt\u00e4jille. Meill\u00e4 on paljon palveluita tarjolla.","breadcrumb":{"@id":"https:\/\/topss25.okuserveri.com\/#breadcrumb"},"inLanguage":"fi","potentialAction":[{"@type":"ReadAction","target":["https:\/\/topss25.okuserveri.com\/"]}]},{"@type":"ImageObject","inLanguage":"fi","@id":"https:\/\/topss25.okuserveri.com\/#primaryimage","url":"https:\/\/topss25.okuserveri.com\/wp-content\/uploads\/2025\/10\/traktori.jpeg","contentUrl":"https:\/\/topss25.okuserveri.com\/wp-content\/uploads\/2025\/10\/traktori.jpeg","width":1600,"height":900,"caption":"Turvetuotantoa vuosina 2010-2020"},{"@type":"BreadcrumbList","@id":"https:\/\/topss25.okuserveri.com\/#breadcrumb","itemListElement":[{"@type":"ListItem","position":1,"name":"Home","item":"https:\/\/topss25.okuserveri.com\/"},{"@type":"ListItem","position":2,"name":"Traktoriurakointi T.Karttunen"}]},{"@type":"WebSite","@id":"https:\/\/topss25.okuserveri.com\/#website","url":"https:\/\/topss25.okuserveri.com\/","name":"Traktoriurakointi T.Karttunen","description":"","publisher":{"@id":"https:\/\/topss25.okuserveri.com\/#organization"},"potentialAction":[{"@type":"SearchAction","target":{"@type":"EntryPoint","urlTemplate":"https:\/\/topss25.okuserveri.com\/?s={search_term_string}"},"query-input":{"@type":"PropertyValueSpecification","valueRequired":true,"valueName":"search_term_string"}}],"inLanguage":"fi"},{"@type":"Organization","@id":"https:\/\/topss25.okuserveri.com\/#organization","name":"Traktoriurakointi T.Karttunen","url":"https:\/\/topss25.okuserveri.com\/","logo":{"@type":"ImageObject","inLanguage":"fi","@id":"https:\/\/topss25.okuserveri.com\/#\/schema\/logo\/image\/","url":"https:\/\/topss25.okuserveri.com\/wp-content\/uploads\/2025\/10\/logoterosimple.png","contentUrl":"https:\/\/topss25.okuserveri.com\/wp-content\/uploads\/2025\/10\/logoterosimple.png","width":338,"height":226,"caption":"Traktoriurakointi T.Karttunen"},"image":{"@id":"https:\/\/topss25.okuserveri.com\/#\/schema\/logo\/image\/"}}]}},"_links":{"self":[{"href":"https:\/\/topss25.okuserveri.com\/index.php?rest_route=\/wp\/v2\/pages\/15","targetHints":{"allow":["GET"]}}],"collection":[{"href":"https:\/\/topss25.okuserveri.com\/index.php?rest_route=\/wp\/v2\/pages"}],"about":[{"href":"https:\/\/topss25.okuserveri.com\/index.php?rest_route=\/wp\/v2\/types\/page"}],"author":[{"embeddable":true,"href":"https:\/\/topss25.okuserveri.com\/index.php?rest_route=\/wp\/v2\/users\/1"}],"replies":[{"embeddable":true,"href":"https:\/\/topss25.okuserveri.com\/index.php?rest_route=%2Fwp%2Fv2%2Fcomments&post=15"}],"version-history":[{"count":5,"href":"https:\/\/topss25.okuserveri.com\/index.php?rest_route=\/wp\/v2\/pages\/15\/revisions"}],"predecessor-version":[{"id":168,"href":"https:\/\/topss25.okuserveri.com\/index.php?rest_route=\/wp\/v2\/pages\/15\/revisions\/168"}],"wp:attachment":[{"href":"https:\/\/topss25.okuserveri.com\/index.php?rest_route=%2Fwp%2Fv2%2Fmedia&parent=15"}],"curies":[{"name":"wp","href":"https:\/\/api.w.org\/{rel}","templated":true}]}}