{"id":85,"date":"2025-10-30T10:31:39","date_gmt":"2025-10-30T10:31:39","guid":{"rendered":"https:\/\/topss25.okuserveri.com\/?page_id=85"},"modified":"2025-11-06T09:16:14","modified_gmt":"2025-11-06T09:16:14","slug":"kuva-galleria","status":"publish","type":"page","link":"https:\/\/topss25.okuserveri.com\/?page_id=85","title":{"rendered":"Galleria"},"content":{"rendered":"\t\t<div data-elementor-type=\"wp-page\" data-elementor-id=\"85\" class=\"elementor elementor-85\">\n\t\t\t\t<div class=\"elementor-element elementor-element-7381994 e-flex e-con-boxed e-con e-parent\" data-id=\"7381994\" data-element_type=\"container\" data-e-type=\"container\" data-settings=\"{&quot;background_background&quot;:&quot;classic&quot;}\">\n\t\t\t\t\t<div class=\"e-con-inner\">\n\t\t<div class=\"elementor-element elementor-element-98f946f e-con-full e-flex e-con e-child\" data-id=\"98f946f\" data-element_type=\"container\" data-e-type=\"container\">\n\t\t\t\t<div class=\"elementor-element elementor-element-2e45eae elementor-widget elementor-widget-heading\" data-id=\"2e45eae\" data-element_type=\"widget\" data-e-type=\"widget\" data-widget_type=\"heading.default\">\n\t\t\t\t\t<h1 class=\"elementor-heading-title elementor-size-default\">Kuva galleria Traktoriurakointi T.Karttunen<\/h1>\t\t\t\t<\/div>\n\t\t\t\t<\/div>\n\t\t\t\t\t<\/div>\n\t\t\t\t<\/div>\n\t\t<div class=\"elementor-element elementor-element-25ff0f2 e-flex e-con-boxed e-con e-parent\" data-id=\"25ff0f2\" data-element_type=\"container\" data-e-type=\"container\">\n\t\t\t\t\t<div class=\"e-con-inner\">\n\t\t\t\t<div class=\"elementor-element elementor-element-2e227a3 elementor-widget elementor-widget-heading\" data-id=\"2e227a3\" data-element_type=\"widget\" data-e-type=\"widget\" data-widget_type=\"heading.default\">\n\t\t\t\t\t<h2 class=\"elementor-heading-title elementor-size-default\">Kuva galleria Traktoriurakointi T.Karttunen. Kuva galleriasta l\u00f6ytyy kuvia ty\u00f6nteosta eri ty\u00f6teht\u00e4viin liittyen kuten turvetuotanosta ja maansiirto t\u00f6ist\u00e4.<\/h2>\t\t\t\t<\/div>\n\t\t\t\t\t<\/div>\n\t\t\t\t<\/div>\n\t\t<div class=\"elementor-element elementor-element-b2a4b37 e-grid e-con-full e-con e-parent\" data-id=\"b2a4b37\" data-element_type=\"container\" data-e-type=\"container\">\n\t\t\t\t<div class=\"elementor-element elementor-element-61074b5 elementor-widget elementor-widget-image\" data-id=\"61074b5\" data-element_type=\"widget\" data-e-type=\"widget\" data-widget_type=\"image.default\">\n\t\t\t\t\t\t\t\t\t\t\t\t\t\t\t<img fetchpriority=\"high\" decoding=\"async\" width=\"1536\" height=\"864\" src=\"https:\/\/topss25.okuserveri.com\/wp-content\/uploads\/2025\/10\/traktori-1536x864.jpeg\" class=\"attachment-1536x1536 size-1536x1536 wp-image-41\" alt=\"\" srcset=\"https:\/\/topss25.okuserveri.com\/wp-content\/uploads\/2025\/10\/traktori-1536x864.jpeg 1536w, https:\/\/topss25.okuserveri.com\/wp-content\/uploads\/2025\/10\/traktori-300x169.jpeg 300w, https:\/\/topss25.okuserveri.com\/wp-content\/uploads\/2025\/10\/traktori-1024x576.jpeg 1024w, https:\/\/topss25.okuserveri.com\/wp-content\/uploads\/2025\/10\/traktori-768x432.jpeg 768w, https:\/\/topss25.okuserveri.com\/wp-content\/uploads\/2025\/10\/traktori.jpeg 1600w\" sizes=\"(max-width: 1536px) 100vw, 1536px\" \/>\t\t\t\t\t\t\t\t\t\t\t\t\t\t\t<\/div>\n\t\t\t\t<div class=\"elementor-element elementor-element-1f93cb0 elementor-widget elementor-widget-image\" data-id=\"1f93cb0\" data-element_type=\"widget\" data-e-type=\"widget\" data-widget_type=\"image.default\">\n\t\t\t\t\t\t\t\t\t\t\t\t\t\t\t<img decoding=\"async\" width=\"1536\" height=\"864\" src=\"https:\/\/topss25.okuserveri.com\/wp-content\/uploads\/2025\/10\/WhatsApp-Image-2025-10-28-at-07.44.121-1536x864.jpeg\" class=\"attachment-1536x1536 size-1536x1536 wp-image-55\" alt=\"\" srcset=\"https:\/\/topss25.okuserveri.com\/wp-content\/uploads\/2025\/10\/WhatsApp-Image-2025-10-28-at-07.44.121-1536x864.jpeg 1536w, https:\/\/topss25.okuserveri.com\/wp-content\/uploads\/2025\/10\/WhatsApp-Image-2025-10-28-at-07.44.121-300x169.jpeg 300w, https:\/\/topss25.okuserveri.com\/wp-content\/uploads\/2025\/10\/WhatsApp-Image-2025-10-28-at-07.44.121-1024x576.jpeg 1024w, https:\/\/topss25.okuserveri.com\/wp-content\/uploads\/2025\/10\/WhatsApp-Image-2025-10-28-at-07.44.121-768x432.jpeg 768w, https:\/\/topss25.okuserveri.com\/wp-content\/uploads\/2025\/10\/WhatsApp-Image-2025-10-28-at-07.44.121.jpeg 1600w\" sizes=\"(max-width: 1536px) 100vw, 1536px\" \/>\t\t\t\t\t\t\t\t\t\t\t\t\t\t\t<\/div>\n\t\t\t\t<div class=\"elementor-element elementor-element-96ece7a elementor-widget elementor-widget-heading\" data-id=\"96ece7a\" data-element_type=\"widget\" data-e-type=\"widget\" data-widget_type=\"heading.default\">\n\t\t\t\t\t<p class=\"elementor-heading-title elementor-size-default\">Kuvia turvetuotanosta vuosilta 2010-2020<\/p>\t\t\t\t<\/div>\n\t\t\t\t<div class=\"elementor-element elementor-element-3266181 elementor-widget elementor-widget-heading\" data-id=\"3266181\" data-element_type=\"widget\" data-e-type=\"widget\" data-widget_type=\"heading.default\">\n\t\t\t\t\t<p class=\"elementor-heading-title elementor-size-default\">Kuvia maansiirto t\u00f6ist\u00e4<\/p>\t\t\t\t<\/div>\n\t\t\t\t<div class=\"elementor-element elementor-element-face4e3 elementor-widget elementor-widget-image\" data-id=\"face4e3\" data-element_type=\"widget\" data-e-type=\"widget\" data-widget_type=\"image.default\">\n\t\t\t\t\t\t\t\t\t\t\t\t\t\t\t<img decoding=\"async\" width=\"1536\" height=\"1152\" src=\"https:\/\/topss25.okuserveri.com\/wp-content\/uploads\/2025\/10\/WhatsApp-Image-2025-10-31-at-09.53.34-1536x1152.jpeg\" class=\"attachment-1536x1536 size-1536x1536 wp-image-103\" alt=\"\" srcset=\"https:\/\/topss25.okuserveri.com\/wp-content\/uploads\/2025\/10\/WhatsApp-Image-2025-10-31-at-09.53.34-1536x1152.jpeg 1536w, https:\/\/topss25.okuserveri.com\/wp-content\/uploads\/2025\/10\/WhatsApp-Image-2025-10-31-at-09.53.34-300x225.jpeg 300w, https:\/\/topss25.okuserveri.com\/wp-content\/uploads\/2025\/10\/WhatsApp-Image-2025-10-31-at-09.53.34-1024x768.jpeg 1024w, https:\/\/topss25.okuserveri.com\/wp-content\/uploads\/2025\/10\/WhatsApp-Image-2025-10-31-at-09.53.34-768x576.jpeg 768w, https:\/\/topss25.okuserveri.com\/wp-content\/uploads\/2025\/10\/WhatsApp-Image-2025-10-31-at-09.53.34.jpeg 1600w\" sizes=\"(max-width: 1536px) 100vw, 1536px\" \/>\t\t\t\t\t\t\t\t\t\t\t\t\t\t\t<\/div>\n\t\t\t\t<div class=\"elementor-element elementor-element-065ba52 elementor-widget elementor-widget-image\" data-id=\"065ba52\" data-element_type=\"widget\" data-e-type=\"widget\" data-widget_type=\"image.default\">\n\t\t\t\t\t\t\t\t\t\t\t\t\t\t\t<img loading=\"lazy\" decoding=\"async\" width=\"977\" height=\"1024\" src=\"https:\/\/topss25.okuserveri.com\/wp-content\/uploads\/2025\/10\/WhatsApp-Image-2025-10-31-at-09.53.51-1-977x1024.jpeg\" class=\"attachment-large size-large wp-image-105\" alt=\"\" srcset=\"https:\/\/topss25.okuserveri.com\/wp-content\/uploads\/2025\/10\/WhatsApp-Image-2025-10-31-at-09.53.51-1-977x1024.jpeg 977w, https:\/\/topss25.okuserveri.com\/wp-content\/uploads\/2025\/10\/WhatsApp-Image-2025-10-31-at-09.53.51-1-286x300.jpeg 286w, https:\/\/topss25.okuserveri.com\/wp-content\/uploads\/2025\/10\/WhatsApp-Image-2025-10-31-at-09.53.51-1-768x805.jpeg 768w, https:\/\/topss25.okuserveri.com\/wp-content\/uploads\/2025\/10\/WhatsApp-Image-2025-10-31-at-09.53.51-1.jpeg 1194w\" sizes=\"(max-width: 977px) 100vw, 977px\" \/>\t\t\t\t\t\t\t\t\t\t\t\t\t\t\t<\/div>\n\t\t\t\t<div class=\"elementor-element elementor-element-d994f58 elementor-widget elementor-widget-image\" data-id=\"d994f58\" data-element_type=\"widget\" data-e-type=\"widget\" data-widget_type=\"image.default\">\n\t\t\t\t\t\t\t\t\t\t\t\t\t\t\t<img loading=\"lazy\" decoding=\"async\" width=\"1536\" height=\"1152\" src=\"https:\/\/topss25.okuserveri.com\/wp-content\/uploads\/2025\/10\/WhatsApp-Image-2025-10-31-at-09.54.27-1536x1152.jpeg\" class=\"attachment-1536x1536 size-1536x1536 wp-image-106\" alt=\"\" srcset=\"https:\/\/topss25.okuserveri.com\/wp-content\/uploads\/2025\/10\/WhatsApp-Image-2025-10-31-at-09.54.27-1536x1152.jpeg 1536w, https:\/\/topss25.okuserveri.com\/wp-content\/uploads\/2025\/10\/WhatsApp-Image-2025-10-31-at-09.54.27-300x225.jpeg 300w, https:\/\/topss25.okuserveri.com\/wp-content\/uploads\/2025\/10\/WhatsApp-Image-2025-10-31-at-09.54.27-1024x768.jpeg 1024w, https:\/\/topss25.okuserveri.com\/wp-content\/uploads\/2025\/10\/WhatsApp-Image-2025-10-31-at-09.54.27-768x576.jpeg 768w, https:\/\/topss25.okuserveri.com\/wp-content\/uploads\/2025\/10\/WhatsApp-Image-2025-10-31-at-09.54.27.jpeg 1600w\" sizes=\"(max-width: 1536px) 100vw, 1536px\" \/>\t\t\t\t\t\t\t\t\t\t\t\t\t\t\t<\/div>\n\t\t\t\t<div class=\"elementor-element elementor-element-08af1a0 elementor-widget elementor-widget-image\" data-id=\"08af1a0\" data-element_type=\"widget\" data-e-type=\"widget\" data-widget_type=\"image.default\">\n\t\t\t\t\t\t\t\t\t\t\t\t\t\t\t<img loading=\"lazy\" decoding=\"async\" width=\"1536\" height=\"1152\" src=\"https:\/\/topss25.okuserveri.com\/wp-content\/uploads\/2025\/10\/WhatsApp-Image-2025-10-31-at-09.54.59-1536x1152.jpeg\" class=\"attachment-1536x1536 size-1536x1536 wp-image-108\" alt=\"\" srcset=\"https:\/\/topss25.okuserveri.com\/wp-content\/uploads\/2025\/10\/WhatsApp-Image-2025-10-31-at-09.54.59-1536x1152.jpeg 1536w, https:\/\/topss25.okuserveri.com\/wp-content\/uploads\/2025\/10\/WhatsApp-Image-2025-10-31-at-09.54.59-300x225.jpeg 300w, https:\/\/topss25.okuserveri.com\/wp-content\/uploads\/2025\/10\/WhatsApp-Image-2025-10-31-at-09.54.59-1024x768.jpeg 1024w, https:\/\/topss25.okuserveri.com\/wp-content\/uploads\/2025\/10\/WhatsApp-Image-2025-10-31-at-09.54.59-768x576.jpeg 768w, https:\/\/topss25.okuserveri.com\/wp-content\/uploads\/2025\/10\/WhatsApp-Image-2025-10-31-at-09.54.59.jpeg 1600w\" sizes=\"(max-width: 1536px) 100vw, 1536px\" \/>\t\t\t\t\t\t\t\t\t\t\t\t\t\t\t<\/div>\n\t\t\t\t<div class=\"elementor-element elementor-element-5652ed4 elementor-widget elementor-widget-heading\" data-id=\"5652ed4\" data-element_type=\"widget\" data-e-type=\"widget\" data-widget_type=\"heading.default\">\n\t\t\t\t\t<p class=\"elementor-heading-title elementor-size-default\">Kuvia lumit\u00f6iden teosta<\/p>\t\t\t\t<\/div>\n\t\t\t\t<div class=\"elementor-element elementor-element-df43832 elementor-widget elementor-widget-heading\" data-id=\"df43832\" data-element_type=\"widget\" data-e-type=\"widget\" data-widget_type=\"heading.default\">\n\t\t\t\t\t<p class=\"elementor-heading-title elementor-size-default\">Kuvia maatalouden aput\u00f6ist\u00e4<\/p>\t\t\t\t<\/div>\n\t\t\t\t<div class=\"elementor-element elementor-element-f51ec24 elementor-widget elementor-widget-image\" data-id=\"f51ec24\" data-element_type=\"widget\" data-e-type=\"widget\" data-widget_type=\"image.default\">\n\t\t\t\t\t\t\t\t\t\t\t\t\t\t\t<img loading=\"lazy\" decoding=\"async\" width=\"1536\" height=\"1152\" src=\"https:\/\/topss25.okuserveri.com\/wp-content\/uploads\/2025\/10\/WhatsApp-Image-2025-10-31-at-09.55.57-1536x1152.jpeg\" class=\"attachment-1536x1536 size-1536x1536 wp-image-109\" alt=\"\" srcset=\"https:\/\/topss25.okuserveri.com\/wp-content\/uploads\/2025\/10\/WhatsApp-Image-2025-10-31-at-09.55.57-1536x1152.jpeg 1536w, https:\/\/topss25.okuserveri.com\/wp-content\/uploads\/2025\/10\/WhatsApp-Image-2025-10-31-at-09.55.57-300x225.jpeg 300w, https:\/\/topss25.okuserveri.com\/wp-content\/uploads\/2025\/10\/WhatsApp-Image-2025-10-31-at-09.55.57-1024x768.jpeg 1024w, https:\/\/topss25.okuserveri.com\/wp-content\/uploads\/2025\/10\/WhatsApp-Image-2025-10-31-at-09.55.57-768x576.jpeg 768w, https:\/\/topss25.okuserveri.com\/wp-content\/uploads\/2025\/10\/WhatsApp-Image-2025-10-31-at-09.55.57.jpeg 1600w\" sizes=\"(max-width: 1536px) 100vw, 1536px\" \/>\t\t\t\t\t\t\t\t\t\t\t\t\t\t\t<\/div>\n\t\t\t\t<div class=\"elementor-element elementor-element-f3c95f8 elementor-widget elementor-widget-image\" data-id=\"f3c95f8\" data-element_type=\"widget\" data-e-type=\"widget\" data-widget_type=\"image.default\">\n\t\t\t\t\t\t\t\t\t\t\t\t\t\t\t<img loading=\"lazy\" decoding=\"async\" width=\"1536\" height=\"1152\" src=\"https:\/\/topss25.okuserveri.com\/wp-content\/uploads\/2025\/10\/WhatsApp-Image-2025-10-31-at-09.55.46-1536x1152.jpeg\" class=\"attachment-1536x1536 size-1536x1536 wp-image-110\" alt=\"\" srcset=\"https:\/\/topss25.okuserveri.com\/wp-content\/uploads\/2025\/10\/WhatsApp-Image-2025-10-31-at-09.55.46-1536x1152.jpeg 1536w, https:\/\/topss25.okuserveri.com\/wp-content\/uploads\/2025\/10\/WhatsApp-Image-2025-10-31-at-09.55.46-300x225.jpeg 300w, https:\/\/topss25.okuserveri.com\/wp-content\/uploads\/2025\/10\/WhatsApp-Image-2025-10-31-at-09.55.46-1024x768.jpeg 1024w, https:\/\/topss25.okuserveri.com\/wp-content\/uploads\/2025\/10\/WhatsApp-Image-2025-10-31-at-09.55.46-768x576.jpeg 768w, https:\/\/topss25.okuserveri.com\/wp-content\/uploads\/2025\/10\/WhatsApp-Image-2025-10-31-at-09.55.46.jpeg 1600w\" sizes=\"(max-width: 1536px) 100vw, 1536px\" \/>\t\t\t\t\t\t\t\t\t\t\t\t\t\t\t<\/div>\n\t\t\t\t<\/div>\n\t\t<div class=\"elementor-element elementor-element-cc50905 e-flex e-con-boxed e-con e-parent\" data-id=\"cc50905\" data-element_type=\"container\" data-e-type=\"container\" data-settings=\"{&quot;background_background&quot;:&quot;classic&quot;}\">\n\t\t\t\t\t<div class=\"e-con-inner\">\n\t\t\t\t<div class=\"elementor-element elementor-element-7fa0e01 elementor-align-right elementor-widget elementor-widget-button\" data-id=\"7fa0e01\" data-element_type=\"widget\" data-e-type=\"widget\" data-widget_type=\"button.default\">\n\t\t\t\t\t\t\t\t\t\t<a class=\"elementor-button elementor-button-link elementor-size-sm\" href=\"https:\/\/topss25.okuserveri.com\/?page_id=15\">\n\t\t\t\t\t\t<span class=\"elementor-button-content-wrapper\">\n\t\t\t\t\t\t\t\t\t<span class=\"elementor-button-text\">Etusivu<\/span>\n\t\t\t\t\t<\/span>\n\t\t\t\t\t<\/a>\n\t\t\t\t\t\t\t\t<\/div>\n\t\t\t\t\t<\/div>\n\t\t\t\t<\/div>\n\t\t\t\t<\/div>\n\t\t","protected":false},"excerpt":{"rendered":"<p>Kuva galleria Traktoriurakointi T.Karttunen Kuva galleria Traktoriurakointi T.Karttunen. Kuva galleriasta l\u00f6ytyy kuvia ty\u00f6nteosta eri ty\u00f6teht\u00e4viin liittyen kuten turvetuotanosta ja maansiirto [&hellip;]<\/p>\n","protected":false},"author":1,"featured_media":0,"parent":0,"menu_order":0,"comment_status":"closed","ping_status":"closed","template":"","meta":{"site-sidebar-layout":"no-sidebar","site-content-layout":"","ast-site-content-layout":"full-width-container","site-content-style":"default","site-sidebar-style":"default","ast-global-header-display":"","ast-banner-title-visibility":"","ast-main-header-display":"","ast-hfb-above-header-display":"","ast-hfb-below-header-display":"","ast-hfb-mobile-header-display":"","site-post-title":"disabled","ast-breadcrumbs-content":"","ast-featured-img":"disabled","footer-sml-layout":"","ast-disable-related-posts":"","theme-transparent-header-meta":"","adv-header-id-meta":"","stick-header-meta":"","header-above-stick-meta":"","header-main-stick-meta":"","header-below-stick-meta":"","astra-migrate-meta-layouts":"default","ast-page-background-enabled":"default","ast-page-background-meta":{"desktop":{"background-color":"var(--ast-global-color-5)","background-image":"","background-repeat":"repeat","background-position":"center center","background-size":"auto","background-attachment":"scroll","background-type":"","background-media":"","overlay-type":"","overlay-color":"","overlay-opacity":"","overlay-gradient":""},"tablet":{"background-color":"","background-image":"","background-repeat":"repeat","background-position":"center center","background-size":"auto","background-attachment":"scroll","background-type":"","background-media":"","overlay-type":"","overlay-color":"","overlay-opacity":"","overlay-gradient":""},"mobile":{"background-color":"","background-image":"","background-repeat":"repeat","background-position":"center center","background-size":"auto","background-attachment":"scroll","background-type":"","background-media":"","overlay-type":"","overlay-color":"","overlay-opacity":"","overlay-gradient":""}},"ast-content-background-meta":{"desktop":{"background-color":"var(--ast-global-color-4)","background-image":"","background-repeat":"repeat","background-position":"center center","background-size":"auto","background-attachment":"scroll","background-type":"","background-media":"","overlay-type":"","overlay-color":"","overlay-opacity":"","overlay-gradient":""},"tablet":{"background-color":"var(--ast-global-color-4)","background-image":"","background-repeat":"repeat","background-position":"center center","background-size":"auto","background-attachment":"scroll","background-type":"","background-media":"","overlay-type":"","overlay-color":"","overlay-opacity":"","overlay-gradient":""},"mobile":{"background-color":"var(--ast-global-color-4)","background-image":"","background-repeat":"repeat","background-position":"center center","background-size":"auto","background-attachment":"scroll","background-type":"","background-media":"","overlay-type":"","overlay-color":"","overlay-opacity":"","overlay-gradient":""}},"footnotes":""},"class_list":["post-85","page","type-page","status-publish","hentry"],"yoast_head":"<!-- This site is optimized with the Yoast SEO plugin v27.3 - https:\/\/yoast.com\/product\/yoast-seo-wordpress\/ -->\n<title>Galleria - Traktoriurakointi T.Karttunen<\/title>\n<meta name=\"description\" content=\"Kuva galleria Traktoriurakointi T.Karttunen l\u00f6ytyy kuvia ty\u00f6nteosta eri ty\u00f6teht\u00e4viin liittyen kuten turvetuotanosta ja maansiirto t\u00f6ist\u00e4.\" \/>\n<meta name=\"robots\" content=\"index, follow, max-snippet:-1, max-image-preview:large, max-video-preview:-1\" \/>\n<link rel=\"canonical\" href=\"https:\/\/topss25.okuserveri.com\/?page_id=85\" \/>\n<meta property=\"og:locale\" content=\"fi_FI\" \/>\n<meta property=\"og:type\" content=\"article\" \/>\n<meta property=\"og:title\" content=\"Galleria - Traktoriurakointi T.Karttunen\" \/>\n<meta property=\"og:description\" content=\"Kuva galleria Traktoriurakointi T.Karttunen l\u00f6ytyy kuvia ty\u00f6nteosta eri ty\u00f6teht\u00e4viin liittyen kuten turvetuotanosta ja maansiirto t\u00f6ist\u00e4.\" \/>\n<meta property=\"og:url\" content=\"https:\/\/topss25.okuserveri.com\/?page_id=85\" \/>\n<meta property=\"og:site_name\" content=\"Traktoriurakointi T.Karttunen\" \/>\n<meta property=\"article:modified_time\" content=\"2025-11-06T09:16:14+00:00\" \/>\n<meta property=\"og:image\" content=\"https:\/\/topss25.okuserveri.com\/wp-content\/uploads\/2025\/10\/traktori-1536x864.jpeg\" \/>\n<meta name=\"twitter:card\" content=\"summary_large_image\" \/>\n<meta name=\"twitter:label1\" content=\"Arvioitu lukuaika\" \/>\n\t<meta name=\"twitter:data1\" content=\"1 minuutti\" \/>\n<script type=\"application\/ld+json\" class=\"yoast-schema-graph\">{\"@context\":\"https:\\\/\\\/schema.org\",\"@graph\":[{\"@type\":\"WebPage\",\"@id\":\"https:\\\/\\\/topss25.okuserveri.com\\\/?page_id=85\",\"url\":\"https:\\\/\\\/topss25.okuserveri.com\\\/?page_id=85\",\"name\":\"Galleria - Traktoriurakointi T.Karttunen\",\"isPartOf\":{\"@id\":\"https:\\\/\\\/topss25.okuserveri.com\\\/#website\"},\"primaryImageOfPage\":{\"@id\":\"https:\\\/\\\/topss25.okuserveri.com\\\/?page_id=85#primaryimage\"},\"image\":{\"@id\":\"https:\\\/\\\/topss25.okuserveri.com\\\/?page_id=85#primaryimage\"},\"thumbnailUrl\":\"https:\\\/\\\/topss25.okuserveri.com\\\/wp-content\\\/uploads\\\/2025\\\/10\\\/traktori-1536x864.jpeg\",\"datePublished\":\"2025-10-30T10:31:39+00:00\",\"dateModified\":\"2025-11-06T09:16:14+00:00\",\"description\":\"Kuva galleria Traktoriurakointi T.Karttunen l\u00f6ytyy kuvia ty\u00f6nteosta eri ty\u00f6teht\u00e4viin liittyen kuten turvetuotanosta ja maansiirto t\u00f6ist\u00e4.\",\"breadcrumb\":{\"@id\":\"https:\\\/\\\/topss25.okuserveri.com\\\/?page_id=85#breadcrumb\"},\"inLanguage\":\"fi\",\"potentialAction\":[{\"@type\":\"ReadAction\",\"target\":[\"https:\\\/\\\/topss25.okuserveri.com\\\/?page_id=85\"]}]},{\"@type\":\"ImageObject\",\"inLanguage\":\"fi\",\"@id\":\"https:\\\/\\\/topss25.okuserveri.com\\\/?page_id=85#primaryimage\",\"url\":\"https:\\\/\\\/topss25.okuserveri.com\\\/wp-content\\\/uploads\\\/2025\\\/10\\\/traktori.jpeg\",\"contentUrl\":\"https:\\\/\\\/topss25.okuserveri.com\\\/wp-content\\\/uploads\\\/2025\\\/10\\\/traktori.jpeg\",\"width\":1600,\"height\":900,\"caption\":\"Turvetuotantoa vuosina 2010-2020\"},{\"@type\":\"BreadcrumbList\",\"@id\":\"https:\\\/\\\/topss25.okuserveri.com\\\/?page_id=85#breadcrumb\",\"itemListElement\":[{\"@type\":\"ListItem\",\"position\":1,\"name\":\"Home\",\"item\":\"https:\\\/\\\/topss25.okuserveri.com\\\/\"},{\"@type\":\"ListItem\",\"position\":2,\"name\":\"Galleria\"}]},{\"@type\":\"WebSite\",\"@id\":\"https:\\\/\\\/topss25.okuserveri.com\\\/#website\",\"url\":\"https:\\\/\\\/topss25.okuserveri.com\\\/\",\"name\":\"Traktoriurakointi T.Karttunen\",\"description\":\"\",\"publisher\":{\"@id\":\"https:\\\/\\\/topss25.okuserveri.com\\\/#organization\"},\"potentialAction\":[{\"@type\":\"SearchAction\",\"target\":{\"@type\":\"EntryPoint\",\"urlTemplate\":\"https:\\\/\\\/topss25.okuserveri.com\\\/?s={search_term_string}\"},\"query-input\":{\"@type\":\"PropertyValueSpecification\",\"valueRequired\":true,\"valueName\":\"search_term_string\"}}],\"inLanguage\":\"fi\"},{\"@type\":\"Organization\",\"@id\":\"https:\\\/\\\/topss25.okuserveri.com\\\/#organization\",\"name\":\"Traktoriurakointi T.Karttunen\",\"url\":\"https:\\\/\\\/topss25.okuserveri.com\\\/\",\"logo\":{\"@type\":\"ImageObject\",\"inLanguage\":\"fi\",\"@id\":\"https:\\\/\\\/topss25.okuserveri.com\\\/#\\\/schema\\\/logo\\\/image\\\/\",\"url\":\"https:\\\/\\\/topss25.okuserveri.com\\\/wp-content\\\/uploads\\\/2025\\\/10\\\/logoterosimple.png\",\"contentUrl\":\"https:\\\/\\\/topss25.okuserveri.com\\\/wp-content\\\/uploads\\\/2025\\\/10\\\/logoterosimple.png\",\"width\":338,\"height\":226,\"caption\":\"Traktoriurakointi T.Karttunen\"},\"image\":{\"@id\":\"https:\\\/\\\/topss25.okuserveri.com\\\/#\\\/schema\\\/logo\\\/image\\\/\"}}]}<\/script>\n<!-- \/ Yoast SEO plugin. -->","yoast_head_json":{"title":"Galleria - Traktoriurakointi T.Karttunen","description":"Kuva galleria Traktoriurakointi T.Karttunen l\u00f6ytyy kuvia ty\u00f6nteosta eri ty\u00f6teht\u00e4viin liittyen kuten turvetuotanosta ja maansiirto t\u00f6ist\u00e4.","robots":{"index":"index","follow":"follow","max-snippet":"max-snippet:-1","max-image-preview":"max-image-preview:large","max-video-preview":"max-video-preview:-1"},"canonical":"https:\/\/topss25.okuserveri.com\/?page_id=85","og_locale":"fi_FI","og_type":"article","og_title":"Galleria - Traktoriurakointi T.Karttunen","og_description":"Kuva galleria Traktoriurakointi T.Karttunen l\u00f6ytyy kuvia ty\u00f6nteosta eri ty\u00f6teht\u00e4viin liittyen kuten turvetuotanosta ja maansiirto t\u00f6ist\u00e4.","og_url":"https:\/\/topss25.okuserveri.com\/?page_id=85","og_site_name":"Traktoriurakointi T.Karttunen","article_modified_time":"2025-11-06T09:16:14+00:00","og_image":[{"url":"https:\/\/topss25.okuserveri.com\/wp-content\/uploads\/2025\/10\/traktori-1536x864.jpeg","type":"","width":"","height":""}],"twitter_card":"summary_large_image","twitter_misc":{"Arvioitu lukuaika":"1 minuutti"},"schema":{"@context":"https:\/\/schema.org","@graph":[{"@type":"WebPage","@id":"https:\/\/topss25.okuserveri.com\/?page_id=85","url":"https:\/\/topss25.okuserveri.com\/?page_id=85","name":"Galleria - Traktoriurakointi T.Karttunen","isPartOf":{"@id":"https:\/\/topss25.okuserveri.com\/#website"},"primaryImageOfPage":{"@id":"https:\/\/topss25.okuserveri.com\/?page_id=85#primaryimage"},"image":{"@id":"https:\/\/topss25.okuserveri.com\/?page_id=85#primaryimage"},"thumbnailUrl":"https:\/\/topss25.okuserveri.com\/wp-content\/uploads\/2025\/10\/traktori-1536x864.jpeg","datePublished":"2025-10-30T10:31:39+00:00","dateModified":"2025-11-06T09:16:14+00:00","description":"Kuva galleria Traktoriurakointi T.Karttunen l\u00f6ytyy kuvia ty\u00f6nteosta eri ty\u00f6teht\u00e4viin liittyen kuten turvetuotanosta ja maansiirto t\u00f6ist\u00e4.","breadcrumb":{"@id":"https:\/\/topss25.okuserveri.com\/?page_id=85#breadcrumb"},"inLanguage":"fi","potentialAction":[{"@type":"ReadAction","target":["https:\/\/topss25.okuserveri.com\/?page_id=85"]}]},{"@type":"ImageObject","inLanguage":"fi","@id":"https:\/\/topss25.okuserveri.com\/?page_id=85#primaryimage","url":"https:\/\/topss25.okuserveri.com\/wp-content\/uploads\/2025\/10\/traktori.jpeg","contentUrl":"https:\/\/topss25.okuserveri.com\/wp-content\/uploads\/2025\/10\/traktori.jpeg","width":1600,"height":900,"caption":"Turvetuotantoa vuosina 2010-2020"},{"@type":"BreadcrumbList","@id":"https:\/\/topss25.okuserveri.com\/?page_id=85#breadcrumb","itemListElement":[{"@type":"ListItem","position":1,"name":"Home","item":"https:\/\/topss25.okuserveri.com\/"},{"@type":"ListItem","position":2,"name":"Galleria"}]},{"@type":"WebSite","@id":"https:\/\/topss25.okuserveri.com\/#website","url":"https:\/\/topss25.okuserveri.com\/","name":"Traktoriurakointi T.Karttunen","description":"","publisher":{"@id":"https:\/\/topss25.okuserveri.com\/#organization"},"potentialAction":[{"@type":"SearchAction","target":{"@type":"EntryPoint","urlTemplate":"https:\/\/topss25.okuserveri.com\/?s={search_term_string}"},"query-input":{"@type":"PropertyValueSpecification","valueRequired":true,"valueName":"search_term_string"}}],"inLanguage":"fi"},{"@type":"Organization","@id":"https:\/\/topss25.okuserveri.com\/#organization","name":"Traktoriurakointi T.Karttunen","url":"https:\/\/topss25.okuserveri.com\/","logo":{"@type":"ImageObject","inLanguage":"fi","@id":"https:\/\/topss25.okuserveri.com\/#\/schema\/logo\/image\/","url":"https:\/\/topss25.okuserveri.com\/wp-content\/uploads\/2025\/10\/logoterosimple.png","contentUrl":"https:\/\/topss25.okuserveri.com\/wp-content\/uploads\/2025\/10\/logoterosimple.png","width":338,"height":226,"caption":"Traktoriurakointi T.Karttunen"},"image":{"@id":"https:\/\/topss25.okuserveri.com\/#\/schema\/logo\/image\/"}}]}},"_links":{"self":[{"href":"https:\/\/topss25.okuserveri.com\/index.php?rest_route=\/wp\/v2\/pages\/85","targetHints":{"allow":["GET"]}}],"collection":[{"href":"https:\/\/topss25.okuserveri.com\/index.php?rest_route=\/wp\/v2\/pages"}],"about":[{"href":"https:\/\/topss25.okuserveri.com\/index.php?rest_route=\/wp\/v2\/types\/page"}],"author":[{"embeddable":true,"href":"https:\/\/topss25.okuserveri.com\/index.php?rest_route=\/wp\/v2\/users\/1"}],"replies":[{"embeddable":true,"href":"https:\/\/topss25.okuserveri.com\/index.php?rest_route=%2Fwp%2Fv2%2Fcomments&post=85"}],"version-history":[{"count":5,"href":"https:\/\/topss25.okuserveri.com\/index.php?rest_route=\/wp\/v2\/pages\/85\/revisions"}],"predecessor-version":[{"id":159,"href":"https:\/\/topss25.okuserveri.com\/index.php?rest_route=\/wp\/v2\/pages\/85\/revisions\/159"}],"wp:attachment":[{"href":"https:\/\/topss25.okuserveri.com\/index.php?rest_route=%2Fwp%2Fv2%2Fmedia&parent=85"}],"curies":[{"name":"wp","href":"https:\/\/api.w.org\/{rel}","templated":true}]}}